{"id":590,"date":"2025-11-30T12:01:17","date_gmt":"2025-11-30T12:01:17","guid":{"rendered":"https:\/\/parionmarine.com.tr\/?page_id=590"},"modified":"2025-11-30T12:01:17","modified_gmt":"2025-11-30T12:01:17","slug":"cerez-politikasi","status":"publish","type":"page","link":"https:\/\/parionmarine.com.tr\/tr\/cerez-politikasi\/","title":{"rendered":"\u00c7erez Politikas\u0131"},"content":{"rendered":"<div class=\"wpb-content-wrapper\"><div class=\"vc_row wpb_row vc_row-fluid\"><div class=\"wpb_column vc_column_container vc_col-sm-12\"><div class=\"vc_column-inner\"><div class=\"wpb_wrapper\">\n\t<div class=\"wpb_text_column wpb_content_element\" >\n\t\t<div class=\"wpb_wrapper\">\n\t\t\t<section id=\"markdown-section-e76ae311-2485-4d23-9110-afbbe043f95f-2\" class=\"markdown-section chat-fade-in\" data-markdown-raw=\" ## \u00c7EREZ POL\u0130T\u0130KASI METN\u0130\" data-section-index=\"2\">\n<h3>1. \u00c7EREZ NED\u0130R?<\/h3>\n<\/section>\n<section id=\"markdown-section-e76ae311-2485-4d23-9110-afbbe043f95f-6\" class=\"markdown-section chat-fade-in\" data-markdown-raw=\" \u00c7erezler, ziyaret etti\u011finiz web siteleri taraf\u0131ndan cihaz\u0131n\u0131za kaydedilen k\u00fc\u00e7\u00fck veri dosyalar\u0131d\u0131r. Bu dosyalar sayesinde web sitemiz: - Daha h\u0131zl\u0131 \u00e7al\u0131\u015f\u0131r - Kullan\u0131c\u0131 tercihlerini hat\u0131rlar - Ziyaret\u00e7i trafi\u011fini analiz eder\" data-section-index=\"6\">\u00c7erezler, ziyaret etti\u011finiz web siteleri taraf\u0131ndan cihaz\u0131n\u0131za kaydedilen k\u00fc\u00e7\u00fck veri&nbsp;dosyalar\u0131d\u0131r. Bu dosyalar sayesinde web&nbsp;sitemiz:<\/p>\n<ul>\n<li data-indent=\"0\">Daha h\u0131zl\u0131 \u00e7al\u0131\u015f\u0131r<\/li>\n<\/ul>\n<ul>\n<li data-indent=\"0\">Kullan\u0131c\u0131 tercihlerini hat\u0131rlar<\/li>\n<\/ul>\n<ul>\n<li data-indent=\"0\">Ziyaret\u00e7i trafi\u011fini analiz eder<\/li>\n<\/ul>\n<\/section>\n<section id=\"markdown-section-e76ae311-2485-4d23-9110-afbbe043f95f-7\" class=\"markdown-section chat-fade-in\" data-markdown-raw=\" ### 2. Kullan\u0131lan \u00c7erez T\u00fcrleri - a) Zorunlu \u00c7erezler: Sitenin do\u011fru \u015fekilde \u00e7al\u0131\u015fmas\u0131 i\u00e7in gereklidir. - b) Analitik \u00c7erezler: Google Analytics vb. ara\u00e7larla ziyaret\u00e7i davran\u0131\u015flar\u0131n\u0131 analiz eder. - c) \u0130\u015flevsel \u00c7erezler: Dil tercihi ve kullan\u0131c\u0131 ayarlar\u0131n\u0131 hat\u0131rlar. - d) Pazarlama \u00c7erezleri: Kullan\u0131c\u0131 ilgi alanlar\u0131na g\u00f6re reklam veya kampanya g\u00f6sterimi yap\u0131labilir.\" data-section-index=\"7\">\n<h3>2. Kullan\u0131lan&nbsp;\u00c7erez T\u00fcrleri<\/h3>\n<ul>\n<li data-indent=\"0\">a) Zorunlu \u00c7erezler: Sitenin do\u011fru \u015fekilde \u00e7al\u0131\u015fmas\u0131&nbsp;i\u00e7in gereklidir.<\/li>\n<\/ul>\n<ul>\n<li data-indent=\"0\">b) Analitik \u00c7erezler: Google Analytics vb. ara\u00e7larla ziyaret\u00e7i davran\u0131\u015flar\u0131n\u0131 analiz&nbsp;eder.<\/li>\n<\/ul>\n<ul>\n<li data-indent=\"0\">c) \u0130\u015flevsel \u00c7erezler: Dil tercihi ve kullan\u0131c\u0131 ayarlar\u0131n\u0131&nbsp;hat\u0131rlar.<\/li>\n<\/ul>\n<ul>\n<li data-indent=\"0\">d) Pazarlama&nbsp;\u00c7erezleri: Kullan\u0131c\u0131 ilgi&nbsp;alanlar\u0131na&nbsp;g\u00f6re reklam&nbsp;veya kampanya&nbsp;g\u00f6sterimi yap\u0131labilir.<\/li>\n<\/ul>\n<\/section>\n<section id=\"markdown-section-e76ae311-2485-4d23-9110-afbbe043f95f-8\" class=\"markdown-section chat-fade-in\" data-markdown-raw=\" ### 3. \u00c7erezlerin Kullan\u0131m Ama\u00e7lar\u0131\" data-section-index=\"8\">\n<h3>3. \u00c7erezlerin Kullan\u0131m&nbsp;Ama\u00e7lar\u0131<\/h3>\n<\/section>\n<section id=\"markdown-section-e76ae311-2485-4d23-9110-afbbe043f95f-9\" class=\"markdown-section chat-fade-in\" data-markdown-raw=\" Parion Marine olarak \u00e7erezleri: - Web sitemizin g\u00fcvenli \u015fekilde \u00e7al\u0131\u015fmas\u0131, - Hizmet performans\u0131n\u0131n art\u0131r\u0131lmas\u0131, - Gemi bak\u0131m, m\u00fchendislik ve i\u015fletmecilik hizmetleriyle ilgili kullan\u0131c\u0131 yolculu\u011funun iyile\u015ftirilmesi, - Ziyaret\u00e7i istatistiklerinin de\u011ferlendirilmesi\" data-section-index=\"9\">Parion Marine olarak \u00e7erezleri:<\/p>\n<ul>\n<li data-indent=\"0\">Web sitemizin g\u00fcvenli \u015fekilde \u00e7al\u0131\u015fmas\u0131,<\/li>\n<\/ul>\n<ul>\n<li data-indent=\"0\">Hizmet performans\u0131n\u0131n art\u0131r\u0131lmas\u0131,<\/li>\n<\/ul>\n<ul>\n<li data-indent=\"0\">Gemi bak\u0131m,&nbsp;m\u00fchendislik&nbsp;ve i\u015fletmecilik hizmetleriyle ilgili kullan\u0131c\u0131 yolculu\u011funun iyile\u015ftirilmesi,<\/li>\n<\/ul>\n<ul>\n<li data-indent=\"0\">Ziyaret\u00e7i istatistiklerinin de\u011ferlendirilmesi<\/li>\n<\/ul>\n<\/section>\n<section id=\"markdown-section-e76ae311-2485-4d23-9110-afbbe043f95f-10\" class=\"markdown-section chat-fade-in\" data-markdown-raw=\" ama\u00e7lar\u0131yla kullan\u0131yoruz.\" data-section-index=\"10\">ama\u00e7lar\u0131yla kullan\u0131yoruz.<\/section>\n<section id=\"markdown-section-e76ae311-2485-4d23-9110-afbbe043f95f-11\" class=\"markdown-section chat-fade-in\" data-markdown-raw=\" ### 4. \u00c7erezleri Y\u00f6netme\" data-section-index=\"11\">\n<h3>4. \u00c7erezleri&nbsp;Y\u00f6netme<\/h3>\n<\/section>\n<section id=\"markdown-section-e76ae311-2485-4d23-9110-afbbe043f95f-12\" class=\"markdown-section chat-fade-in\" data-markdown-raw=\" Taray\u0131c\u0131n\u0131z\u0131n ayarlar\u0131ndan: - \u00c7erezleri kabul edebilir, - Silebilir, - Engelleyebilir, - Sadece belli \u00e7erezleri aktif b\u0131rakabilirsiniz.\" data-section-index=\"12\">Taray\u0131c\u0131n\u0131z\u0131n ayarlar\u0131ndan:<\/p>\n<ul>\n<li data-indent=\"0\">\u00c7erezleri kabul&nbsp;edebilir,<\/li>\n<\/ul>\n<ul>\n<li data-indent=\"0\">Silebilir,<\/li>\n<\/ul>\n<ul>\n<li data-indent=\"0\">Engelleyebilir,<\/li>\n<\/ul>\n<ul>\n<li data-indent=\"0\">Sadece belli \u00e7erezleri&nbsp;aktif b\u0131rakabilirsiniz.<\/li>\n<\/ul>\n<\/section>\n<section id=\"markdown-section-e76ae311-2485-4d23-9110-afbbe043f95f-14\" class=\"markdown-section chat-fade-in\" data-markdown-raw=\" \u00c7erezleri engellemeniz halinde sitemizin baz\u0131 b\u00f6l\u00fcmleri \u00e7al\u0131\u015fmayabilir.\" data-section-index=\"14\">\u00c7erezleri engellemeniz halinde sitemizin baz\u0131 b\u00f6l\u00fcmleri \u00e7al\u0131\u015fmayabilir.<\/section>\n<section id=\"markdown-section-e76ae311-2485-4d23-9110-afbbe043f95f-15\" class=\"markdown-section chat-fade-in\" data-markdown-raw=\" ### 5. \u00dc\u00e7\u00fcnc\u00fc Taraf \u00c7erezler\" data-section-index=\"15\">\n<h3>5. \u00dc\u00e7\u00fcnc\u00fc Taraf \u00c7erezler<\/h3>\n<\/section>\n<section id=\"markdown-section-e76ae311-2485-4d23-9110-afbbe043f95f-16\" class=\"markdown-section chat-fade-in\" data-markdown-raw=\" A\u015fa\u011f\u0131daki hizmet sa\u011flay\u0131c\u0131lar \u00e7erez yerle\u015ftirebilir: - Google Analytics - Meta (Facebook \/ Instagram) - Harita, g\u00fcvenlik ve h\u0131z optimizasyon servisleri\" data-section-index=\"16\">A\u015fa\u011f\u0131daki hizmet sa\u011flay\u0131c\u0131lar \u00e7erez yerle\u015ftirebilir:<\/p>\n<ul>\n<li data-indent=\"0\">Google Analytics<\/li>\n<\/ul>\n<ul>\n<li data-indent=\"0\">Meta&nbsp;(Facebook \/ Instagram)<\/li>\n<\/ul>\n<ul>\n<li data-indent=\"0\">Harita, g\u00fcvenlik ve h\u0131z optimizasyon servisleri<\/li>\n<\/ul>\n<\/section>\n<section id=\"markdown-section-e76ae311-2485-4d23-9110-afbbe043f95f-18\" class=\"markdown-section chat-fade-in\" data-markdown-raw=\" Bu \u00e7erezler ilgili firmalar\u0131n gizlilik politikalar\u0131na tabidir.\" data-section-index=\"18\">Bu \u00e7erezler&nbsp;ilgili firmalar\u0131n gizlilik politikalar\u0131na tabidir.<\/section>\n<section id=\"markdown-section-e76ae311-2485-4d23-9110-afbbe043f95f-19\" class=\"markdown-section chat-fade-in\" data-markdown-raw=\" ### 6. \u0130leti\u015fim\" data-section-index=\"19\">\n<h3>6. \u0130leti\u015fim<\/h3>\n<\/section>\n<section id=\"markdown-section-e76ae311-2485-4d23-9110-afbbe043f95f-20\" class=\"markdown-section chat-fade-in\" data-markdown-raw=\" \u00c7erez politikas\u0131 hakk\u0131nda bilgi ve talep i\u00e7in:\" data-section-index=\"20\">\u00c7erez politikas\u0131 hakk\u0131nda bilgi ve&nbsp;talep i\u00e7in:<\/section>\n<section id=\"markdown-section-e76ae311-2485-4d23-9110-afbbe043f95f-21\" class=\"markdown-section chat-fade-in\" data-markdown-raw=\" \ud83d\udce7 info@parionmarine.com\" data-section-index=\"21\">\ud83d\udce7 info@parionmarine.com<\/section>\n<p>&nbsp;<\/p>\n\n\t\t<\/div>\n\t<\/div>\n<\/div><\/div><\/div><\/div>\n<\/div>","protected":false},"excerpt":{"rendered":"1. \u00c7EREZ NED\u0130R? \u00c7erezler, ziyaret etti\u011finiz web siteleri taraf\u0131ndan cihaz\u0131n\u0131za kaydedilen k\u00fc\u00e7\u00fck veri&nbsp;dosyalar\u0131d\u0131r. Bu dosyalar sayesinde web&nbsp;sitemiz: Daha h\u0131zl\u0131 \u00e7al\u0131\u015f\u0131r Kullan\u0131c\u0131 tercihlerini hat\u0131rlar Ziyaret\u00e7i trafi\u011fini analiz eder 2. Kullan\u0131lan&nbsp;\u00c7erez T\u00fcrleri a) Zorunlu \u00c7erezler: Sitenin do\u011fru \u015fekilde \u00e7al\u0131\u015fmas\u0131&nbsp;i\u00e7in gereklidir. b) Analitik \u00c7erezler: Google Analytics vb. ara\u00e7larla ziyaret\u00e7i davran\u0131\u015flar\u0131n\u0131 analiz&nbsp;eder. c) \u0130\u015flevsel \u00c7erezler: Dil tercihi ve kullan\u0131c\u0131 [...]","protected":false},"author":1,"featured_media":0,"parent":0,"menu_order":0,"comment_status":"closed","ping_status":"closed","template":"","meta":{"footnotes":""},"class_list":["post-590","page","type-page","status-publish","hentry"],"yoast_head":"<!-- This site is optimized with the Yoast SEO plugin v27.3 - https:\/\/yoast.com\/product\/yoast-seo-wordpress\/ -->\n<title>\u00c7erez Politikas\u0131 - Parion Marine - The Need of Every Ship<\/title>\n<meta name=\"robots\" content=\"index, follow, max-snippet:-1, max-image-preview:large, max-video-preview:-1\" \/>\n<link rel=\"canonical\" href=\"https:\/\/parionmarine.com.tr\/tr\/cerez-politikasi\/\" \/>\n<meta property=\"og:locale\" content=\"tr_TR\" \/>\n<meta property=\"og:type\" content=\"article\" \/>\n<meta property=\"og:title\" content=\"\u00c7erez Politikas\u0131 - Parion Marine - The Need of Every Ship\" \/>\n<meta property=\"og:url\" content=\"https:\/\/parionmarine.com.tr\/tr\/cerez-politikasi\/\" \/>\n<meta property=\"og:site_name\" content=\"Parion Marine - The Need of Every Ship\" \/>\n<meta name=\"twitter:card\" content=\"summary_large_image\" \/>\n<meta name=\"twitter:site\" content=\"@parionnmarine\" \/>\n<meta name=\"twitter:label1\" content=\"Tahmini okuma s\u00fcresi\" \/>\n\t<meta name=\"twitter:data1\" content=\"1 dakika\" \/>\n<script type=\"application\/ld+json\" class=\"yoast-schema-graph\">{\"@context\":\"https:\\\/\\\/schema.org\",\"@graph\":[{\"@type\":\"WebPage\",\"@id\":\"https:\\\/\\\/parionmarine.com.tr\\\/cerez-politikasi\\\/\",\"url\":\"https:\\\/\\\/parionmarine.com.tr\\\/cerez-politikasi\\\/\",\"name\":\"\u00c7erez Politikas\u0131 - Parion Marine - The Need of Every Ship\",\"isPartOf\":{\"@id\":\"https:\\\/\\\/parionmarine.com.tr\\\/#website\"},\"datePublished\":\"2025-11-30T12:01:17+00:00\",\"breadcrumb\":{\"@id\":\"https:\\\/\\\/parionmarine.com.tr\\\/cerez-politikasi\\\/#breadcrumb\"},\"inLanguage\":\"tr\",\"potentialAction\":[{\"@type\":\"ReadAction\",\"target\":[\"https:\\\/\\\/parionmarine.com.tr\\\/cerez-politikasi\\\/\"]}]},{\"@type\":\"BreadcrumbList\",\"@id\":\"https:\\\/\\\/parionmarine.com.tr\\\/cerez-politikasi\\\/#breadcrumb\",\"itemListElement\":[{\"@type\":\"ListItem\",\"position\":1,\"name\":\"Anasayfa\",\"item\":\"https:\\\/\\\/parionmarine.com.tr\\\/\"},{\"@type\":\"ListItem\",\"position\":2,\"name\":\"\u00c7erez Politikas\u0131\"}]},{\"@type\":\"WebSite\",\"@id\":\"https:\\\/\\\/parionmarine.com.tr\\\/#website\",\"url\":\"https:\\\/\\\/parionmarine.com.tr\\\/\",\"name\":\"Parion Marine - The Need of Every Ship\",\"description\":\"Parion Marine, 45 years of experience in shipbuilding, maintenance, repair, engineering and operational services. Shipyard services, shipoutfitting and spare parts supply. Professional solutions for every ship&#039;s needs.\",\"publisher\":{\"@id\":\"https:\\\/\\\/parionmarine.com.tr\\\/#organization\"},\"potentialAction\":[{\"@type\":\"SearchAction\",\"target\":{\"@type\":\"EntryPoint\",\"urlTemplate\":\"https:\\\/\\\/parionmarine.com.tr\\\/?s={search_term_string}\"},\"query-input\":{\"@type\":\"PropertyValueSpecification\",\"valueRequired\":true,\"valueName\":\"search_term_string\"}}],\"inLanguage\":\"tr\"},{\"@type\":\"Organization\",\"@id\":\"https:\\\/\\\/parionmarine.com.tr\\\/#organization\",\"name\":\"Parion Marine - The Need of Every Ship\",\"url\":\"https:\\\/\\\/parionmarine.com.tr\\\/\",\"logo\":{\"@type\":\"ImageObject\",\"inLanguage\":\"tr\",\"@id\":\"https:\\\/\\\/parionmarine.com.tr\\\/#\\\/schema\\\/logo\\\/image\\\/\",\"url\":\"https:\\\/\\\/parionmarine.com.tr\\\/wp-content\\\/uploads\\\/2025\\\/11\\\/parion-logo3.png\",\"contentUrl\":\"https:\\\/\\\/parionmarine.com.tr\\\/wp-content\\\/uploads\\\/2025\\\/11\\\/parion-logo3.png\",\"width\":604,\"height\":404,\"caption\":\"Parion Marine - The Need of Every Ship\"},\"image\":{\"@id\":\"https:\\\/\\\/parionmarine.com.tr\\\/#\\\/schema\\\/logo\\\/image\\\/\"},\"sameAs\":[\"https:\\\/\\\/x.com\\\/parionnmarine\",\"https:\\\/\\\/www.instagram.com\\\/parionmarine\\\/\",\"https:\\\/\\\/www.linkedin.com\\\/company\\\/parion-marine\",\"https:\\\/\\\/www.youtube.com\\\/@ParionMarine\"]}]}<\/script>\n<!-- \/ Yoast SEO plugin. -->","yoast_head_json":{"title":"\u00c7erez Politikas\u0131 - Parion Marine - The Need of Every Ship","robots":{"index":"index","follow":"follow","max-snippet":"max-snippet:-1","max-image-preview":"max-image-preview:large","max-video-preview":"max-video-preview:-1"},"canonical":"https:\/\/parionmarine.com.tr\/tr\/cerez-politikasi\/","og_locale":"tr_TR","og_type":"article","og_title":"\u00c7erez Politikas\u0131 - Parion Marine - The Need of Every Ship","og_url":"https:\/\/parionmarine.com.tr\/tr\/cerez-politikasi\/","og_site_name":"Parion Marine - The Need of Every Ship","twitter_card":"summary_large_image","twitter_site":"@parionnmarine","twitter_misc":{"Tahmini okuma s\u00fcresi":"1 dakika"},"schema":{"@context":"https:\/\/schema.org","@graph":[{"@type":"WebPage","@id":"https:\/\/parionmarine.com.tr\/cerez-politikasi\/","url":"https:\/\/parionmarine.com.tr\/cerez-politikasi\/","name":"\u00c7erez Politikas\u0131 - Parion Marine - The Need of Every Ship","isPartOf":{"@id":"https:\/\/parionmarine.com.tr\/#website"},"datePublished":"2025-11-30T12:01:17+00:00","breadcrumb":{"@id":"https:\/\/parionmarine.com.tr\/cerez-politikasi\/#breadcrumb"},"inLanguage":"tr","potentialAction":[{"@type":"ReadAction","target":["https:\/\/parionmarine.com.tr\/cerez-politikasi\/"]}]},{"@type":"BreadcrumbList","@id":"https:\/\/parionmarine.com.tr\/cerez-politikasi\/#breadcrumb","itemListElement":[{"@type":"ListItem","position":1,"name":"Anasayfa","item":"https:\/\/parionmarine.com.tr\/"},{"@type":"ListItem","position":2,"name":"\u00c7erez Politikas\u0131"}]},{"@type":"WebSite","@id":"https:\/\/parionmarine.com.tr\/#website","url":"https:\/\/parionmarine.com.tr\/","name":"Parion Marine - The Need of Every Ship","description":"Parion Marine, 45 years of experience in shipbuilding, maintenance, repair, engineering and operational services. Shipyard services, shipoutfitting and spare parts supply. Professional solutions for every ship&#039;s needs.","publisher":{"@id":"https:\/\/parionmarine.com.tr\/#organization"},"potentialAction":[{"@type":"SearchAction","target":{"@type":"EntryPoint","urlTemplate":"https:\/\/parionmarine.com.tr\/?s={search_term_string}"},"query-input":{"@type":"PropertyValueSpecification","valueRequired":true,"valueName":"search_term_string"}}],"inLanguage":"tr"},{"@type":"Organization","@id":"https:\/\/parionmarine.com.tr\/#organization","name":"Parion Marine - The Need of Every Ship","url":"https:\/\/parionmarine.com.tr\/","logo":{"@type":"ImageObject","inLanguage":"tr","@id":"https:\/\/parionmarine.com.tr\/#\/schema\/logo\/image\/","url":"https:\/\/parionmarine.com.tr\/wp-content\/uploads\/2025\/11\/parion-logo3.png","contentUrl":"https:\/\/parionmarine.com.tr\/wp-content\/uploads\/2025\/11\/parion-logo3.png","width":604,"height":404,"caption":"Parion Marine - The Need of Every Ship"},"image":{"@id":"https:\/\/parionmarine.com.tr\/#\/schema\/logo\/image\/"},"sameAs":["https:\/\/x.com\/parionnmarine","https:\/\/www.instagram.com\/parionmarine\/","https:\/\/www.linkedin.com\/company\/parion-marine","https:\/\/www.youtube.com\/@ParionMarine"]}]}},"jetpack_sharing_enabled":true,"_links":{"self":[{"href":"https:\/\/parionmarine.com.tr\/tr\/wp-json\/wp\/v2\/pages\/590","targetHints":{"allow":["GET"]}}],"collection":[{"href":"https:\/\/parionmarine.com.tr\/tr\/wp-json\/wp\/v2\/pages"}],"about":[{"href":"https:\/\/parionmarine.com.tr\/tr\/wp-json\/wp\/v2\/types\/page"}],"author":[{"embeddable":true,"href":"https:\/\/parionmarine.com.tr\/tr\/wp-json\/wp\/v2\/users\/1"}],"replies":[{"embeddable":true,"href":"https:\/\/parionmarine.com.tr\/tr\/wp-json\/wp\/v2\/comments?post=590"}],"version-history":[{"count":1,"href":"https:\/\/parionmarine.com.tr\/tr\/wp-json\/wp\/v2\/pages\/590\/revisions"}],"predecessor-version":[{"id":591,"href":"https:\/\/parionmarine.com.tr\/tr\/wp-json\/wp\/v2\/pages\/590\/revisions\/591"}],"wp:attachment":[{"href":"https:\/\/parionmarine.com.tr\/tr\/wp-json\/wp\/v2\/media?parent=590"}],"curies":[{"name":"wp","href":"https:\/\/api.w.org\/{rel}","templated":true}]}}